{"id":15,"date":"2022-07-15T00:28:54","date_gmt":"2022-07-14T22:28:54","guid":{"rendered":"http:\/\/fuerteventuratravel.pl\/?page_id=15"},"modified":"2024-06-26T15:20:02","modified_gmt":"2024-06-26T13:20:02","slug":"uslugi-consierge","status":"publish","type":"page","link":"https:\/\/fuerteventuratravel.pl\/?page_id=15","title":{"rendered":"ZWIEDZAJ I ZAMIESZKAJ"},"content":{"rendered":"\n<div class=\"wp-block-cover alignfull\" style=\"min-height:600px;aspect-ratio:unset;\"><span aria-hidden=\"true\" class=\"wp-block-cover__background has-nv-light-bg-background-color has-background-dim-100 has-background-dim\"><\/span><div class=\"wp-block-cover__inner-container is-layout-flow wp-block-cover-is-layout-flow\">\n<div class=\"wp-block-group\"><div class=\"wp-block-group__inner-container is-layout-flow wp-block-group-is-layout-flow\">\n<div style=\"height:24px\" aria-hidden=\"true\" class=\"wp-block-spacer\"><\/div>\n\n\n\n<h2 class=\"wp-block-heading has-nv-dark-bg-color has-text-color has-link-color wp-elements-0c32b2ae19fdd3a59ef5a7a776dcacb2\">Od zwiedzania si\u0119 zaczyna &#8230;<\/h2>\n\n\n\n<h2 class=\"wp-block-heading has-text-align-right has-neve-text-color-color has-text-color has-link-color wp-elements-bafc1d2c89cf81049f1f9ed997909152\">&#8230; spe\u0142nij marzenia i zamieszkaj tutaj!<\/h2>\n\n\n\n<div class=\"wp-block-columns are-vertically-aligned-center is-layout-flex wp-container-core-columns-is-layout-9d6595d7 wp-block-columns-is-layout-flex\">\n<div class=\"wp-block-column is-vertically-aligned-center is-layout-flow wp-block-column-is-layout-flow\" style=\"flex-basis:50%\">\n<figure class=\"wp-block-image size-large\"><img loading=\"lazy\" decoding=\"async\" width=\"1024\" height=\"768\" src=\"https:\/\/fuerteventuratravel.pl\/wp-content\/uploads\/2022\/07\/beach-gcf2da6fb6_1920-1024x768.jpg\" alt=\"\" class=\"wp-image-70\" srcset=\"https:\/\/fuerteventuratravel.pl\/wp-content\/uploads\/2022\/07\/beach-gcf2da6fb6_1920-1024x768.jpg 1024w, https:\/\/fuerteventuratravel.pl\/wp-content\/uploads\/2022\/07\/beach-gcf2da6fb6_1920-300x225.jpg 300w, https:\/\/fuerteventuratravel.pl\/wp-content\/uploads\/2022\/07\/beach-gcf2da6fb6_1920-768x576.jpg 768w, https:\/\/fuerteventuratravel.pl\/wp-content\/uploads\/2022\/07\/beach-gcf2da6fb6_1920-1536x1152.jpg 1536w, https:\/\/fuerteventuratravel.pl\/wp-content\/uploads\/2022\/07\/beach-gcf2da6fb6_1920.jpg 1920w\" sizes=\"auto, (max-width: 1024px) 100vw, 1024px\" \/><\/figure>\n<\/div>\n\n\n\n<div class=\"wp-block-column is-vertically-aligned-center is-layout-flow wp-block-column-is-layout-flow\" style=\"flex-basis:50%\">\n<p class=\"has-text-align-center has-neve-link-color-color has-text-color\">Czy zdarza Ci si\u0119 pomy\u015ble\u0107 o urlopie na Fuerteventurze zorganizowanym inaczej, nie przez biuro podr\u00f3\u017cy? Taniej i ciekawiej? Chcia\u0142by\u015b wynaj\u0105\u0107 mieszkanie, samoch\u00f3d, zwiedzi\u0107 interesuj\u0105ce zak\u0105tki a przy tym odpocz\u0105\u0107 i rozkoszowa\u0107 si\u0119 lokalnymi daniami? <\/p>\n\n\n\n<p class=\"has-text-align-center has-neve-link-color-color has-text-color\"> <strong>Chcia\u0142by\u015b, by kto\u015b za\u0142atwi\u0142 Twoje sprawy podczas, gdy Ty b\u0119dziesz odpoczywa\u0107? <\/strong><\/p>\n\n\n\n<p class=\"has-text-align-center has-neve-link-color-color has-text-color\">Mo\u017cemy zaplanowa\u0107 ca\u0142y Tw\u00f3j urlop, zyskasz czas i spok\u00f3j zamiast siedzie\u0107 godzinami przed ekranem komputera w nadziei, \u017ce wszystko p\u00f3jdzie tak jak sobie wymarzy\u0142e\u015b.<\/p>\n\n\n\n<p class=\"has-text-align-center has-neve-link-color-color has-text-color\">Chcesz po prostu odpocz\u0105\u0107 i cieszy\u0107 si\u0119 wakacjami bez problem\u00f3w, \u017ce utkniesz gdzie\u015b z jakim\u015b biurem podr\u00f3\u017cy, bez auta, z drogimi wycieczkami, kt\u00f3re bardziej przypominaj\u0105 pielgrzymki niskich ludzi cykaj\u0105cych tysi\u0105ce zdj\u0119\u0107 i goni\u0105cych za kolejn\u0105 fotk\u0105? <br>Potrzebujesz taniego samochodu, transferu z lotniska po przylocie i chcesz, by Ci\u0119 odwieziono na lotnisko kiedy sko\u0144czysz urlop?<\/p>\n\n\n\n<p class=\"has-text-align-center has-text-color\" style=\"color:#2a742b\"><br><strong>JE\u015aLI ZWIEDZANIE MASZ ZA SOB\u0104 CZAS NA  KOLEJNY KROK<\/strong> <br><strong><br>Chcesz dowiedzie\u0107 si\u0119 jak si\u0119 tu przeprowadzi\u0107, jak za\u0142atwi\u0107 wszystkie formalno\u015bci, gdzie i jak kupi\u0107 apartament, samoch\u00f3d, jak zapisa\u0107 dzieci do szko\u0142y, jak znale\u017a\u0107 tu prac\u0119, jak za\u0142o\u017cy\u0107 firm\u0119, jak uzyska\u0107 olbrzymie zni\u017cki na podr\u00f3\u017cowanie po wyspach i na kontynent, jak dobrze i tanio si\u0119 tu ubezpieczy\u0107?<\/strong><br><strong>Dobrze trafi\u0142e\u015b, opowiemy o wszystkim i zajmiemy si\u0119 tym tak jak lubisz \ud83d\ude42<\/strong><\/p>\n<\/div>\n<\/div>\n\n\n\n\n\n<div style=\"height:40px\" aria-hidden=\"true\" class=\"wp-block-spacer\"><\/div>\n<\/div><\/div>\n<\/div><\/div>\n\n\n\n<div class=\"wp-block-cover alignfull\" style=\"min-height:448px;aspect-ratio:unset;\"><span aria-hidden=\"true\" class=\"wp-block-cover__background has-nv-dark-bg-background-color has-background-dim-100 has-background-dim\"><\/span><div class=\"wp-block-cover__inner-container is-layout-flow wp-block-cover-is-layout-flow\">\n<div class=\"wp-block-group\"><div class=\"wp-block-group__inner-container is-layout-flow wp-block-group-is-layout-flow\">\n<p class=\"has-text-align-center has-medium-font-size\"><\/p>\n\n\n\n<p class=\"has-text-align-center\" style=\"font-size:17px\"><br>Chcesz ju\u017c teraz wiedzie\u0107 wi\u0119cej? Dzwo\u0144! <br> Jestem dost\u0119pny pod WhatsApp! <br>Tylko b\u0142agam, nie przed 8:00 je\u015bli masz to nieszcz\u0119\u015bcie, \u017ce jeszcze jeste\u015b w Polsce, bo wtedy jest u mnie przed 7 RANO i pr\u00f3buj\u0119 spa\u0107 \ud83d\ude09<\/p>\n\n\n\n<h2 class=\"wp-block-heading has-text-align-center has-nv-c-1-color has-text-color\">+34 633 545 582<\/h2>\n<\/div><\/div>\n<\/div><\/div>\n","protected":false},"excerpt":{"rendered":"","protected":false},"author":1,"featured_media":0,"parent":0,"menu_order":0,"comment_status":"closed","ping_status":"closed","template":"","meta":{"neve_meta_sidebar":"","neve_meta_container":"","neve_meta_enable_content_width":"on","neve_meta_content_width":100,"neve_meta_title_alignment":"","neve_meta_author_avatar":"","neve_post_elements_order":"","neve_meta_disable_header":"","neve_meta_disable_footer":"","neve_meta_disable_title":"on","footnotes":""},"class_list":["post-15","page","type-page","status-publish","hentry"],"jetpack_sharing_enabled":true,"_links":{"self":[{"href":"https:\/\/fuerteventuratravel.pl\/index.php?rest_route=\/wp\/v2\/pages\/15","targetHints":{"allow":["GET"]}}],"collection":[{"href":"https:\/\/fuerteventuratravel.pl\/index.php?rest_route=\/wp\/v2\/pages"}],"about":[{"href":"https:\/\/fuerteventuratravel.pl\/index.php?rest_route=\/wp\/v2\/types\/page"}],"author":[{"embeddable":true,"href":"https:\/\/fuerteventuratravel.pl\/index.php?rest_route=\/wp\/v2\/users\/1"}],"replies":[{"embeddable":true,"href":"https:\/\/fuerteventuratravel.pl\/index.php?rest_route=%2Fwp%2Fv2%2Fcomments&post=15"}],"version-history":[{"count":43,"href":"https:\/\/fuerteventuratravel.pl\/index.php?rest_route=\/wp\/v2\/pages\/15\/revisions"}],"predecessor-version":[{"id":801,"href":"https:\/\/fuerteventuratravel.pl\/index.php?rest_route=\/wp\/v2\/pages\/15\/revisions\/801"}],"wp:attachment":[{"href":"https:\/\/fuerteventuratravel.pl\/index.php?rest_route=%2Fwp%2Fv2%2Fmedia&parent=15"}],"curies":[{"name":"wp","href":"https:\/\/api.w.org\/{rel}","templated":true}]}}